{"id":1483,"date":"2022-06-07T13:33:07","date_gmt":"2022-06-07T11:33:07","guid":{"rendered":"https:\/\/matusgiacko.sk\/komplexna-starostlivost\/"},"modified":"2022-10-19T12:38:49","modified_gmt":"2022-10-19T10:38:49","slug":"comprehensive-care","status":"publish","type":"page","link":"https:\/\/matusgiacko.sk\/en\/comprehensive-care\/","title":{"rendered":"Comprehensive care"},"content":{"rendered":"\t\t<div data-elementor-type=\"wp-page\" data-elementor-id=\"1483\" class=\"elementor elementor-1483 elementor-152\" data-elementor-post-type=\"page\">\n\t\t\t\t\t\t<section class=\"elementor-section elementor-top-section elementor-element elementor-element-64e1dd1f consulting elementor-section-boxed elementor-section-height-default elementor-section-height-default\" data-id=\"64e1dd1f\" data-element_type=\"section\" data-e-type=\"section\" data-settings=\"{&quot;background_background&quot;:&quot;classic&quot;}\">\n\t\t\t\t\t\t<div class=\"elementor-container elementor-column-gap-default\">\n\t\t\t\t\t<div class=\"elementor-column elementor-col-100 elementor-top-column elementor-element elementor-element-36694727\" data-id=\"36694727\" data-element_type=\"column\" data-e-type=\"column\">\n\t\t\t<div class=\"elementor-widget-wrap elementor-element-populated\">\n\t\t\t\t\t\t<div class=\"elementor-element elementor-element-74830fe6 elementor-widget elementor-widget-heading\" data-id=\"74830fe6\" data-element_type=\"widget\" data-e-type=\"widget\" data-widget_type=\"heading.default\">\n\t\t\t\t<div class=\"elementor-widget-container\">\n\t\t\t\t\t<h1 class=\"elementor-heading-title elementor-size-default\">FROM START TO FINISH<\/h1>\t\t\t\t<\/div>\n\t\t\t\t<\/div>\n\t\t\t\t<div class=\"elementor-element elementor-element-3a588f2f elementor-widget elementor-widget-text-editor\" data-id=\"3a588f2f\" data-element_type=\"widget\" data-e-type=\"widget\" data-widget_type=\"text-editor.default\">\n\t\t\t\t<div class=\"elementor-widget-container\">\n\t\t\t\t\t\t\t\t\t<div class=\"et_pb_section et_pb_section_0 et_pb_with_background et_section_regular\"><div class=\"et_pb_row et_pb_row_0\"><div class=\"et_pb_column et_pb_column_4_4 et_pb_column_0 et_pb_css_mix_blend_mode_passthrough et-last-child\"><div class=\"et_pb_module et_pb_cta_0 et_pb_promo et_pb_text_align_center et_pb_bg_layout_dark et_pb_no_bg\"><div class=\"et_pb_promo_description\">Start living with your dog properly right from the start.<\/div><\/div><\/div><\/div><\/div><div class=\"et_pb_section et_pb_section_1 content3 et_section_regular\"><div class=\"et_pb_row et_pb_row_1\"><div class=\"et_pb_column et_pb_column_2_3 et_pb_column_1 et_pb_css_mix_blend_mode_passthrough\"><div class=\"et_pb_module et_pb_cta_1 et_pb_promo et_pb_text_align_left et_pb_bg_layout_light et_pb_no_bg\"><div class=\"et_pb_promo_description\">\u00a0<\/div><\/div><\/div><\/div><\/div>\t\t\t\t\t\t\t\t<\/div>\n\t\t\t\t<\/div>\n\t\t\t\t\t<\/div>\n\t\t<\/div>\n\t\t\t\t\t<\/div>\n\t\t<\/section>\n\t\t\t\t<section class=\"elementor-section elementor-top-section elementor-element elementor-element-23f9f549 about-program elementor-section-boxed elementor-section-height-default elementor-section-height-default\" data-id=\"23f9f549\" data-element_type=\"section\" data-e-type=\"section\">\n\t\t\t\t\t\t<div class=\"elementor-container elementor-column-gap-default\">\n\t\t\t\t\t<div class=\"elementor-column elementor-col-100 elementor-top-column elementor-element elementor-element-7aa60652\" data-id=\"7aa60652\" data-element_type=\"column\" data-e-type=\"column\">\n\t\t\t<div class=\"elementor-widget-wrap elementor-element-populated\">\n\t\t\t\t\t\t<div class=\"elementor-element elementor-element-2832e18b elementor-widget__width-initial elementor-widget elementor-widget-text-editor\" data-id=\"2832e18b\" data-element_type=\"widget\" data-e-type=\"widget\" data-widget_type=\"text-editor.default\">\n\t\t\t\t<div class=\"elementor-widget-container\">\n\t\t\t\t\t\t\t\t\t<p>Choosing a dog partner is a key decision that will affect your life for many years to come. Choosing the right kennel and the nature of the puppy represents 70% of success, the remaining 30% can be done through joint training. I am ready to help you choose the best dog friend who will suit your nature as well as your possibilities and abilities. We will have everything under control from the first moment and your dream of happy life with your dog may come true. I offer a friendly approach with a full dose of professionalism and services set up throughout your dog&#8217;s life. When educating and caring for dogs, I pay attention to the smallest details, so that I can bring each dog I work with as close as possible to the perfection and to the satisfaction of its owner.<\/p>\t\t\t\t\t\t\t\t<\/div>\n\t\t\t\t<\/div>\n\t\t\t\t<div class=\"elementor-element elementor-element-d20cfc0 elementor-widget elementor-widget-heading\" data-id=\"d20cfc0\" data-element_type=\"widget\" data-e-type=\"widget\" data-widget_type=\"heading.default\">\n\t\t\t\t<div class=\"elementor-widget-container\">\n\t\t\t\t\t<h2 class=\"elementor-heading-title elementor-size-default\">What does a comprehensive care entail?<\/h2>\t\t\t\t<\/div>\n\t\t\t\t<\/div>\n\t\t\t\t<div class=\"elementor-element elementor-element-0697ef2 elementor-widget elementor-widget-text-editor\" data-id=\"0697ef2\" data-element_type=\"widget\" data-e-type=\"widget\" data-widget_type=\"text-editor.default\">\n\t\t\t\t<div class=\"elementor-widget-container\">\n\t\t\t\t\t\t\t\t\t<p>The most important thing is to determine what you expect from the dog. Do you want to do dog sports or are you just looking for a companionship? Do you want a dog from a shelter or from a breeder? Which breed is right for you? And where to get him? We will go over these and other questions together and I will help you choose the most suitable dog for you, so that you can both enjoy your life together as much as possible. <br \/>Every dog is different. Therefore, I will always prepare a training plan tailored to the personality and needs of your dog. I will teach you how to work with a dog and how to understand him. During the program, your dog will also have the opportunity to regularly participate in training camps in the High Tatras as needed, which you can read more about in the training section. <\/p>\t\t\t\t\t\t\t\t<\/div>\n\t\t\t\t<\/div>\n\t\t\t\t\t<\/div>\n\t\t<\/div>\n\t\t\t\t\t<\/div>\n\t\t<\/section>\n\t\t\t\t<section class=\"elementor-section elementor-top-section elementor-element elementor-element-59a6af84 program-plan elementor-hidden-desktop elementor-hidden-tablet elementor-hidden-mobile elementor-section-boxed elementor-section-height-default elementor-section-height-default\" data-id=\"59a6af84\" data-element_type=\"section\" data-e-type=\"section\" data-settings=\"{&quot;background_background&quot;:&quot;classic&quot;}\">\n\t\t\t\t\t\t<div class=\"elementor-container elementor-column-gap-default\">\n\t\t\t\t\t<div class=\"elementor-column elementor-col-100 elementor-top-column elementor-element elementor-element-6dbc629b\" data-id=\"6dbc629b\" data-element_type=\"column\" data-e-type=\"column\">\n\t\t\t<div class=\"elementor-widget-wrap elementor-element-populated\">\n\t\t\t\t\t\t<div class=\"elementor-section elementor-inner-section elementor-element elementor-element-24ba5a74 program-plan__row elementor-section-full_width elementor-section-height-default elementor-section-height-default\" data-id=\"24ba5a74\" data-element_type=\"section\" data-e-type=\"section\">\n\t\t\t\t\t\t<div class=\"elementor-container elementor-column-gap-default\">\n\t\t\t\t\t<div class=\"elementor-column elementor-col-33 elementor-inner-column elementor-element elementor-element-49985d8b program-plan__item\" data-id=\"49985d8b\" data-element_type=\"column\" data-e-type=\"column\">\n\t\t\t<div class=\"elementor-widget-wrap elementor-element-populated\">\n\t\t\t\t\t\t<div class=\"elementor-element elementor-element-310d45fe elementor-position-top elementor-widget elementor-widget-image-box\" data-id=\"310d45fe\" data-element_type=\"widget\" data-e-type=\"widget\" data-widget_type=\"image-box.default\">\n\t\t\t\t<div class=\"elementor-widget-container\">\n\t\t\t\t\t<div class=\"elementor-image-box-wrapper\"><figure class=\"elementor-image-box-img\"><img fetchpriority=\"high\" decoding=\"async\" width=\"496\" height=\"496\" src=\"https:\/\/matusgiacko.sk\/wp-content\/uploads\/2022\/06\/consultation.svg\" class=\"attachment-full size-full wp-image-971\" alt=\"\" \/><\/figure><div class=\"elementor-image-box-content\"><h3 class=\"elementor-image-box-title\">\u00davodn\u00e9 poradenstvo<\/h3><p class=\"elementor-image-box-description\">\u010co o\u010dak\u00e1vate od psa? Ako si predstavujete spolu\u017eitie? Chcete psa od chovate\u013ea alebo z \u00fatulku?\n\n<\/p><\/div><\/div>\t\t\t\t<\/div>\n\t\t\t\t<\/div>\n\t\t\t\t\t<\/div>\n\t\t<\/div>\n\t\t\t\t<div class=\"elementor-column elementor-col-33 elementor-inner-column elementor-element elementor-element-6af58ee6 program-plan__item\" data-id=\"6af58ee6\" data-element_type=\"column\" data-e-type=\"column\">\n\t\t\t<div class=\"elementor-widget-wrap elementor-element-populated\">\n\t\t\t\t\t\t<div class=\"elementor-element elementor-element-1e73437d elementor-position-top elementor-widget elementor-widget-image-box\" data-id=\"1e73437d\" data-element_type=\"widget\" data-e-type=\"widget\" data-widget_type=\"image-box.default\">\n\t\t\t\t<div class=\"elementor-widget-container\">\n\t\t\t\t\t<div class=\"elementor-image-box-wrapper\"><figure class=\"elementor-image-box-img\"><img decoding=\"async\" width=\"512\" height=\"512\" src=\"https:\/\/matusgiacko.sk\/wp-content\/uploads\/2022\/06\/rating.svg\" class=\"attachment-full size-full wp-image-977\" alt=\"\" \/><\/figure><div class=\"elementor-image-box-content\"><h3 class=\"elementor-image-box-title\">V\u00fdber plemena<\/h3><p class=\"elementor-image-box-description\">Existuje 339 ofici\u00e1lne uznan\u00fdch plemien psov. Spolu n\u00e1jdeme to jedin\u00e9 vhodn\u00e9 pr\u00e1ve pre v\u00e1s.\n\n<\/p><\/div><\/div>\t\t\t\t<\/div>\n\t\t\t\t<\/div>\n\t\t\t\t\t<\/div>\n\t\t<\/div>\n\t\t\t\t<div class=\"elementor-column elementor-col-33 elementor-inner-column elementor-element elementor-element-691007d program-plan__item\" data-id=\"691007d\" data-element_type=\"column\" data-e-type=\"column\">\n\t\t\t<div class=\"elementor-widget-wrap elementor-element-populated\">\n\t\t\t\t\t\t<div class=\"elementor-element elementor-element-495e6b6c elementor-position-top elementor-widget elementor-widget-image-box\" data-id=\"495e6b6c\" data-element_type=\"widget\" data-e-type=\"widget\" data-widget_type=\"image-box.default\">\n\t\t\t\t<div class=\"elementor-widget-container\">\n\t\t\t\t\t<div class=\"elementor-image-box-wrapper\"><figure class=\"elementor-image-box-img\"><img decoding=\"async\" width=\"150\" height=\"150\" src=\"https:\/\/matusgiacko.sk\/wp-content\/uploads\/2022\/06\/dog.svg\" class=\"attachment-thumbnail size-thumbnail wp-image-973\" alt=\"\" \/><\/figure><div class=\"elementor-image-box-content\"><h3 class=\"elementor-image-box-title\">Povaha \u0161teniatka<\/h3><p class=\"elementor-image-box-description\">U vybran\u00fdch chovate\u013eov n\u00e1jdem \u0161teniatka, ktor\u00fdch povaha vyhovuje va\u0161im po\u017eiadavk\u00e1m.\n\n<\/p><\/div><\/div>\t\t\t\t<\/div>\n\t\t\t\t<\/div>\n\t\t\t\t\t<\/div>\n\t\t<\/div>\n\t\t\t\t\t<\/div>\n\t\t<\/div>\n\t\t\t\t<div class=\"elementor-section elementor-inner-section elementor-element elementor-element-2d86280 program-plan__row elementor-section-full_width elementor-section-height-default elementor-section-height-default\" data-id=\"2d86280\" data-element_type=\"section\" data-e-type=\"section\">\n\t\t\t\t\t\t<div class=\"elementor-container elementor-column-gap-default\">\n\t\t\t\t\t<div class=\"elementor-column elementor-col-33 elementor-inner-column elementor-element elementor-element-60a735cf program-plan__item\" data-id=\"60a735cf\" data-element_type=\"column\" data-e-type=\"column\">\n\t\t\t<div class=\"elementor-widget-wrap elementor-element-populated\">\n\t\t\t\t\t\t<div class=\"elementor-element elementor-element-a876aeb elementor-position-top elementor-widget elementor-widget-image-box\" data-id=\"a876aeb\" data-element_type=\"widget\" data-e-type=\"widget\" data-widget_type=\"image-box.default\">\n\t\t\t\t<div class=\"elementor-widget-container\">\n\t\t\t\t\t<div class=\"elementor-image-box-wrapper\"><figure class=\"elementor-image-box-img\"><img loading=\"lazy\" decoding=\"async\" width=\"403\" height=\"403\" src=\"https:\/\/matusgiacko.sk\/wp-content\/uploads\/2022\/06\/heart.svg\" class=\"attachment-full size-full wp-image-731\" alt=\"\" \/><\/figure><div class=\"elementor-image-box-content\"><h3 class=\"elementor-image-box-title\">Zdravotn\u00e1 starostlivos\u0165<\/h3><p class=\"elementor-image-box-description\">Zaist\u00edm o\u010dkovania, od\u010dervenie a n\u00e1jdem vo va\u0161om okol\u00ed spo\u013eahliv\u00e9ho veterin\u00e1ra.\n\n<\/p><\/div><\/div>\t\t\t\t<\/div>\n\t\t\t\t<\/div>\n\t\t\t\t\t<\/div>\n\t\t<\/div>\n\t\t\t\t<div class=\"elementor-column elementor-col-33 elementor-inner-column elementor-element elementor-element-3af6e6b0 program-plan__item\" data-id=\"3af6e6b0\" data-element_type=\"column\" data-e-type=\"column\">\n\t\t\t<div class=\"elementor-widget-wrap elementor-element-populated\">\n\t\t\t\t\t\t<div class=\"elementor-element elementor-element-19950f19 elementor-position-top elementor-widget elementor-widget-image-box\" data-id=\"19950f19\" data-element_type=\"widget\" data-e-type=\"widget\" data-widget_type=\"image-box.default\">\n\t\t\t\t<div class=\"elementor-widget-container\">\n\t\t\t\t\t<div class=\"elementor-image-box-wrapper\"><figure class=\"elementor-image-box-img\"><img loading=\"lazy\" decoding=\"async\" width=\"512\" height=\"512\" src=\"https:\/\/matusgiacko.sk\/wp-content\/uploads\/2022\/06\/diet.svg\" class=\"attachment-full size-full wp-image-972\" alt=\"\" \/><\/figure><div class=\"elementor-image-box-content\"><h3 class=\"elementor-image-box-title\">V\u00fd\u017eivov\u00fd pl\u00e1n<\/h3><p class=\"elementor-image-box-description\">\u0160teniatku priprav\u00edm v\u00fd\u017eivov\u00fd pl\u00e1n pre jeho najlep\u0161\u00ed v\u00fdvin, zdrav\u00fd rast a plnohodnotn\u00fd \u017eivot.\n\n<\/p><\/div><\/div>\t\t\t\t<\/div>\n\t\t\t\t<\/div>\n\t\t\t\t\t<\/div>\n\t\t<\/div>\n\t\t\t\t<div class=\"elementor-column elementor-col-33 elementor-inner-column elementor-element elementor-element-3599f46f program-plan__item\" data-id=\"3599f46f\" data-element_type=\"column\" data-e-type=\"column\">\n\t\t\t<div class=\"elementor-widget-wrap elementor-element-populated\">\n\t\t\t\t\t\t<div class=\"elementor-element elementor-element-34d237f8 elementor-position-top elementor-widget elementor-widget-image-box\" data-id=\"34d237f8\" data-element_type=\"widget\" data-e-type=\"widget\" data-widget_type=\"image-box.default\">\n\t\t\t\t<div class=\"elementor-widget-container\">\n\t\t\t\t\t<div class=\"elementor-image-box-wrapper\"><figure class=\"elementor-image-box-img\"><img loading=\"lazy\" decoding=\"async\" width=\"512\" height=\"512\" src=\"https:\/\/matusgiacko.sk\/wp-content\/uploads\/2022\/06\/pet-insurance.svg\" class=\"attachment-full size-full wp-image-976\" alt=\"\" \/><\/figure><div class=\"elementor-image-box-content\"><h3 class=\"elementor-image-box-title\">Pl\u00e1n na mieru<\/h3><p class=\"elementor-image-box-description\">Ka\u017ed\u00fd pes je in\u00fd. V\u00fdcvikov\u00fd pl\u00e1n v\u017edy priprav\u00edm namieru prisp\u00f4soben\u00fd nielen va\u0161im o\u010dak\u00e1vaniam ale i osobnosti v\u00e1\u0161ho psa.\n\n<\/p><\/div><\/div>\t\t\t\t<\/div>\n\t\t\t\t<\/div>\n\t\t\t\t\t<\/div>\n\t\t<\/div>\n\t\t\t\t\t<\/div>\n\t\t<\/div>\n\t\t\t\t<div class=\"elementor-section elementor-inner-section elementor-element elementor-element-19193b9 program-plan__row elementor-section-full_width elementor-section-height-default elementor-section-height-default\" data-id=\"19193b9\" data-element_type=\"section\" data-e-type=\"section\">\n\t\t\t\t\t\t<div class=\"elementor-container elementor-column-gap-default\">\n\t\t\t\t\t<div class=\"elementor-column elementor-col-33 elementor-inner-column elementor-element elementor-element-7ac93bc program-plan__item\" data-id=\"7ac93bc\" data-element_type=\"column\" data-e-type=\"column\">\n\t\t\t<div class=\"elementor-widget-wrap elementor-element-populated\">\n\t\t\t\t\t\t<div class=\"elementor-element elementor-element-86ed7bc elementor-position-top elementor-widget elementor-widget-image-box\" data-id=\"86ed7bc\" data-element_type=\"widget\" data-e-type=\"widget\" data-widget_type=\"image-box.default\">\n\t\t\t\t<div class=\"elementor-widget-container\">\n\t\t\t\t\t<div class=\"elementor-image-box-wrapper\"><figure class=\"elementor-image-box-img\"><img loading=\"lazy\" decoding=\"async\" width=\"512\" height=\"512\" src=\"https:\/\/matusgiacko.sk\/wp-content\/uploads\/2022\/06\/skyline.svg\" class=\"attachment-full size-full wp-image-978\" alt=\"\" \/><\/figure><div class=\"elementor-image-box-content\"><h3 class=\"elementor-image-box-title\">Vzdel\u00e1vanie psa doma a v meste<\/h3><p class=\"elementor-image-box-description\">Nau\u010d\u00edm v\u00e1\u0161ho psa pohybu v mestskom prostred\u00ed. Rovnako tak bez rizika zranenia alebo po\u0161kodenia majetku v dom\u00e1com prostred\u00ed.\n\n<\/p><\/div><\/div>\t\t\t\t<\/div>\n\t\t\t\t<\/div>\n\t\t\t\t\t<\/div>\n\t\t<\/div>\n\t\t\t\t<div class=\"elementor-column elementor-col-33 elementor-inner-column elementor-element elementor-element-430ed37 program-plan__item\" data-id=\"430ed37\" data-element_type=\"column\" data-e-type=\"column\">\n\t\t\t<div class=\"elementor-widget-wrap elementor-element-populated\">\n\t\t\t\t\t\t<div class=\"elementor-element elementor-element-ee19e25 elementor-position-top elementor-widget elementor-widget-image-box\" data-id=\"ee19e25\" data-element_type=\"widget\" data-e-type=\"widget\" data-widget_type=\"image-box.default\">\n\t\t\t\t<div class=\"elementor-widget-container\">\n\t\t\t\t\t<div class=\"elementor-image-box-wrapper\"><figure class=\"elementor-image-box-img\"><img loading=\"lazy\" decoding=\"async\" width=\"512\" height=\"512\" src=\"https:\/\/matusgiacko.sk\/wp-content\/uploads\/2022\/06\/hosting.svg\" class=\"attachment-full size-full wp-image-974\" alt=\"\" \/><\/figure><div class=\"elementor-image-box-content\"><h3 class=\"elementor-image-box-title\">Online datab\u00e1za inform\u00e1ci\u00ed o psovi<\/h3><p class=\"elementor-image-box-description\">Kompletn\u00e9 inform\u00e1cie o va\u0161om psovi budete ma\u0165 kedyko\u013evek pr\u00edstupn\u00e9 online.\n\n<\/p><\/div><\/div>\t\t\t\t<\/div>\n\t\t\t\t<\/div>\n\t\t\t\t\t<\/div>\n\t\t<\/div>\n\t\t\t\t<div class=\"elementor-column elementor-col-33 elementor-inner-column elementor-element elementor-element-d616b8f program-plan__item\" data-id=\"d616b8f\" data-element_type=\"column\" data-e-type=\"column\">\n\t\t\t<div class=\"elementor-widget-wrap elementor-element-populated\">\n\t\t\t\t\t\t<div class=\"elementor-element elementor-element-3213c21 elementor-position-top elementor-widget elementor-widget-image-box\" data-id=\"3213c21\" data-element_type=\"widget\" data-e-type=\"widget\" data-widget_type=\"image-box.default\">\n\t\t\t\t<div class=\"elementor-widget-container\">\n\t\t\t\t\t<div class=\"elementor-image-box-wrapper\"><figure class=\"elementor-image-box-img\"><img loading=\"lazy\" decoding=\"async\" width=\"480\" height=\"480\" src=\"https:\/\/matusgiacko.sk\/wp-content\/uploads\/2022\/06\/hotel.svg\" class=\"attachment-full size-full wp-image-732\" alt=\"\" \/><\/figure><div class=\"elementor-image-box-content\"><h3 class=\"elementor-image-box-title\">Hotel pre psa<\/h3><p class=\"elementor-image-box-description\">Ak budete zanepr\u00e1zdnen\u00fd, m\u00f4\u017eeme sa o psa postara\u0165 bu\u010f u v\u00e1s doma, alebo ho ubytova\u0165 v na\u0161ich priestoroch.\n\n<\/p><\/div><\/div>\t\t\t\t<\/div>\n\t\t\t\t<\/div>\n\t\t\t\t\t<\/div>\n\t\t<\/div>\n\t\t\t\t\t<\/div>\n\t\t<\/div>\n\t\t\t\t\t<\/div>\n\t\t<\/div>\n\t\t\t\t\t<\/div>\n\t\t<\/section>\n\t\t\t\t<section class=\"elementor-section elementor-top-section elementor-element elementor-element-7db51435 reservation elementor-section-boxed elementor-section-height-default elementor-section-height-default\" data-id=\"7db51435\" data-element_type=\"section\" data-e-type=\"section\">\n\t\t\t\t\t\t<div class=\"elementor-container elementor-column-gap-default\">\n\t\t\t\t\t<div class=\"elementor-column elementor-col-100 elementor-top-column elementor-element elementor-element-10688c83\" data-id=\"10688c83\" data-element_type=\"column\" data-e-type=\"column\">\n\t\t\t<div class=\"elementor-widget-wrap elementor-element-populated\">\n\t\t\t\t\t\t<div class=\"elementor-element elementor-element-61dd3b7 price elementor-widget elementor-widget-text-editor\" data-id=\"61dd3b7\" data-element_type=\"widget\" data-e-type=\"widget\" data-widget_type=\"text-editor.default\">\n\t\t\t\t<div class=\"elementor-widget-container\">\n\t\t\t\t\t\t\t\t\t<p>Price: from 1000 \u20ac \/ month<br \/><span style=\"font-size: 12px;\">Prices are shown without VAT.<\/span><\/p>\t\t\t\t\t\t\t\t<\/div>\n\t\t\t\t<\/div>\n\t\t\t\t<div class=\"elementor-element elementor-element-4b91e6f4 elementor-widget__width-initial elementor-widget elementor-widget-text-editor\" data-id=\"4b91e6f4\" data-element_type=\"widget\" data-e-type=\"widget\" data-widget_type=\"text-editor.default\">\n\t\t\t\t<div class=\"elementor-widget-container\">\n\t\t\t\t\t\t\t\t\t<p>If you are interested in a personal meeting, please fill out the contact form in the link below. We will contact you shortly and explain everything in detail and together we will plan our first personal meeting.<br \/>Prices are shown without VAT.<\/p>\t\t\t\t\t\t\t\t<\/div>\n\t\t\t\t<\/div>\n\t\t\t\t<div class=\"elementor-element elementor-element-70cc1286 elementor-widget elementor-widget-html\" data-id=\"70cc1286\" data-element_type=\"widget\" data-e-type=\"widget\" data-widget_type=\"html.default\">\n\t\t\t\t<div class=\"elementor-widget-container\">\n\t\t\t\t\t<a href=\"https:\/\/matusgiacko.sk\/en\/reservation-of-the-date\/\" class=\"btn btn--cta\">Reservation of the date<\/a>\t\t\t\t<\/div>\n\t\t\t\t<\/div>\n\t\t\t\t\t<\/div>\n\t\t<\/div>\n\t\t\t\t\t<\/div>\n\t\t<\/section>\n\t\t\t\t<\/div>\n\t\t","protected":false},"excerpt":{"rendered":"<p>FROM START TO FINISH Start living with your dog properly right from the start.\u00a0 Choosing a dog partner is a key decision that will affect your life for many years to come. Choosing the right kennel and the nature of the puppy represents 70% of success, the remaining 30% can be done through joint training. [&hellip;]<\/p>\n","protected":false},"author":2,"featured_media":0,"parent":0,"menu_order":0,"comment_status":"closed","ping_status":"closed","template":"elementor_header_footer","meta":{"footnotes":""},"class_list":["post-1483","page","type-page","status-publish","hentry"],"_links":{"self":[{"href":"https:\/\/matusgiacko.sk\/en\/wp-json\/wp\/v2\/pages\/1483","targetHints":{"allow":["GET"]}}],"collection":[{"href":"https:\/\/matusgiacko.sk\/en\/wp-json\/wp\/v2\/pages"}],"about":[{"href":"https:\/\/matusgiacko.sk\/en\/wp-json\/wp\/v2\/types\/page"}],"author":[{"embeddable":true,"href":"https:\/\/matusgiacko.sk\/en\/wp-json\/wp\/v2\/users\/2"}],"replies":[{"embeddable":true,"href":"https:\/\/matusgiacko.sk\/en\/wp-json\/wp\/v2\/comments?post=1483"}],"version-history":[{"count":24,"href":"https:\/\/matusgiacko.sk\/en\/wp-json\/wp\/v2\/pages\/1483\/revisions"}],"predecessor-version":[{"id":1730,"href":"https:\/\/matusgiacko.sk\/en\/wp-json\/wp\/v2\/pages\/1483\/revisions\/1730"}],"wp:attachment":[{"href":"https:\/\/matusgiacko.sk\/en\/wp-json\/wp\/v2\/media?parent=1483"}],"curies":[{"name":"wp","href":"https:\/\/api.w.org\/{rel}","templated":true}]}}