{"id":1492,"date":"2022-06-07T13:31:07","date_gmt":"2022-06-07T11:31:07","guid":{"rendered":"https:\/\/matusgiacko.sk\/?page_id=1492"},"modified":"2022-10-19T12:39:58","modified_gmt":"2022-10-19T10:39:58","slug":"consulting-and-training","status":"publish","type":"page","link":"https:\/\/matusgiacko.sk\/en\/consulting-and-training\/","title":{"rendered":"Consulting and training"},"content":{"rendered":"\t\t<div data-elementor-type=\"wp-page\" data-elementor-id=\"1492\" class=\"elementor elementor-1492 elementor-149\" data-elementor-post-type=\"page\">\n\t\t\t\t\t\t<section class=\"elementor-section elementor-top-section elementor-element elementor-element-4cda0d9 consulting elementor-section-full_width elementor-section-height-default elementor-section-height-default\" data-id=\"4cda0d9\" data-element_type=\"section\" data-e-type=\"section\" data-settings=\"{&quot;background_background&quot;:&quot;classic&quot;}\">\n\t\t\t\t\t\t<div class=\"elementor-container elementor-column-gap-default\">\n\t\t\t\t\t<div class=\"elementor-column elementor-col-100 elementor-top-column elementor-element elementor-element-beb31e1\" data-id=\"beb31e1\" data-element_type=\"column\" data-e-type=\"column\">\n\t\t\t<div class=\"elementor-widget-wrap elementor-element-populated\">\n\t\t\t\t\t\t<div class=\"elementor-element elementor-element-f70ee08 elementor-widget elementor-widget-heading\" data-id=\"f70ee08\" data-element_type=\"widget\" data-e-type=\"widget\" data-widget_type=\"heading.default\">\n\t\t\t\t<div class=\"elementor-widget-container\">\n\t\t\t\t\t<h1 class=\"elementor-heading-title elementor-size-default\">CONSULTING AND \nTRAINING<\/h1>\t\t\t\t<\/div>\n\t\t\t\t<\/div>\n\t\t\t\t<div class=\"elementor-element elementor-element-c28442d elementor-widget elementor-widget-text-editor\" data-id=\"c28442d\" data-element_type=\"widget\" data-e-type=\"widget\" data-widget_type=\"text-editor.default\">\n\t\t\t\t<div class=\"elementor-widget-container\">\n\t\t\t\t\t\t\t\t\t<p>When you can&#8217;t take care of your dog on your own anymore.<\/p>\t\t\t\t\t\t\t\t<\/div>\n\t\t\t\t<\/div>\n\t\t\t\t\t<\/div>\n\t\t<\/div>\n\t\t\t\t\t<\/div>\n\t\t<\/section>\n\t\t\t\t<section class=\"elementor-section elementor-top-section elementor-element elementor-element-32eb9aa about-program elementor-section-boxed elementor-section-height-default elementor-section-height-default\" data-id=\"32eb9aa\" data-element_type=\"section\" data-e-type=\"section\">\n\t\t\t\t\t\t<div class=\"elementor-container elementor-column-gap-default\">\n\t\t\t\t\t<div class=\"elementor-column elementor-col-100 elementor-top-column elementor-element elementor-element-9ae8a97\" data-id=\"9ae8a97\" data-element_type=\"column\" data-e-type=\"column\">\n\t\t\t<div class=\"elementor-widget-wrap elementor-element-populated\">\n\t\t\t\t\t\t<div class=\"elementor-element elementor-element-e4b788c elementor-widget__width-initial elementor-widget elementor-widget-text-editor\" data-id=\"e4b788c\" data-element_type=\"widget\" data-e-type=\"widget\" data-widget_type=\"text-editor.default\">\n\t\t\t\t<div class=\"elementor-widget-container\">\n\t\t\t\t\t\t\t\t\t<p><b>I will show you how to listen to your dog correctly and how to understand him. <\/b>Every problem has its reason. I am here to identify the problem, analyze it and recommend the best solution.\u00a0<\/p><p><b>Don&#8217;t give up, we can do it together.\u00a0<\/b><\/p><p>Below you can see three basic types of training that I provide. Furthermore, I offer nutritional counseling, a network of quality veterinarians and guarding of dogs in the camp regime to all clients.<\/p>\t\t\t\t\t\t\t\t<\/div>\n\t\t\t\t<\/div>\n\t\t\t\t\t<\/div>\n\t\t<\/div>\n\t\t\t\t\t<\/div>\n\t\t<\/section>\n\t\t\t\t<section class=\"elementor-section elementor-top-section elementor-element elementor-element-eb9fbf7 elementor-section-boxed elementor-section-height-default elementor-section-height-default\" data-id=\"eb9fbf7\" data-element_type=\"section\" data-e-type=\"section\">\n\t\t\t\t\t\t<div class=\"elementor-container elementor-column-gap-default\">\n\t\t\t\t\t<div class=\"elementor-column elementor-col-100 elementor-top-column elementor-element elementor-element-37c7930\" data-id=\"37c7930\" data-element_type=\"column\" data-e-type=\"column\">\n\t\t\t<div class=\"elementor-widget-wrap elementor-element-populated\">\n\t\t\t\t\t\t<div class=\"elementor-element elementor-element-1afddf8 elementor-widget elementor-widget-heading\" data-id=\"1afddf8\" data-element_type=\"widget\" data-e-type=\"widget\" data-widget_type=\"heading.default\">\n\t\t\t\t<div class=\"elementor-widget-container\">\n\t\t\t\t\t<h2 class=\"elementor-heading-title elementor-size-default\">Camp \u2013 minimum of 19 days<\/h2>\t\t\t\t<\/div>\n\t\t\t\t<\/div>\n\t\t\t\t<div class=\"elementor-element elementor-element-3e39d42 elementor-widget elementor-widget-text-editor\" data-id=\"3e39d42\" data-element_type=\"widget\" data-e-type=\"widget\" data-widget_type=\"text-editor.default\">\n\t\t\t\t<div class=\"elementor-widget-container\">\n\t\t\t\t\t\t\t\t\t<p>This most effective form of training takes place in Slovakia in the High Tatras, where I will remove the negative habits of your dog and build a new solid foundation of positive behavior. The camp can be attended by dogs from small puppies to adults, provided they are up to seven years old and have all mandatory vaccination. The dog pickup takes place at your home, where we will discuss your relationship with the dog in detail and you show me how you work together. The dog only needs an International certificate of vaccination or, in the case of foreign clients, a Pet passport and their food for the camp. Upon agreement, I can also provide your dog with the type of food he is used to and which suits him.<\/p><p>In the camp itself, there are only so many dogs at the same time that I, together with my assistants, can adequately attend to all of them and create sufficiently interesting activities throughout the day. During the camp, it may also happen that due to more distant individual trainings, the dog will be in the care of my great assistants Matej and Filip for some days, who will also work with him from the very beginning under my supervision and provide care and training according to the agreed instructions. I will make sure you are regularly informed about the progress and satisfaction of your dog.<\/p><p>After the camp, which can sometimes be extended by a few days depending on the difficulty of the problem, I will bring the dog back to you. We will thoroughly go over how you will work with your dog from now on, so that he can learn new patterns of behavior with you and you can happily continue your life together.<\/p>\t\t\t\t\t\t\t\t<\/div>\n\t\t\t\t<\/div>\n\t\t\t\t<div class=\"elementor-element elementor-element-a96e811 price elementor-widget elementor-widget-text-editor\" data-id=\"a96e811\" data-element_type=\"widget\" data-e-type=\"widget\" data-widget_type=\"text-editor.default\">\n\t\t\t\t<div class=\"elementor-widget-container\">\n\t\t\t\t\t\t\t\t\t<p>The price: 95 \u20ac \/ day<br \/>+ travel expenses 0.55 \u20ac \/ km<br \/><span style=\"font-size: 12px;\">Prices are shown without VAT.<\/span><\/p>\t\t\t\t\t\t\t\t<\/div>\n\t\t\t\t<\/div>\n\t\t\t\t\t<\/div>\n\t\t<\/div>\n\t\t\t\t\t<\/div>\n\t\t<\/section>\n\t\t\t\t<section class=\"elementor-section elementor-top-section elementor-element elementor-element-00f95a0 elementor-section-boxed elementor-section-height-default elementor-section-height-default\" data-id=\"00f95a0\" data-element_type=\"section\" data-e-type=\"section\">\n\t\t\t\t\t\t<div class=\"elementor-container elementor-column-gap-default\">\n\t\t\t\t\t<div class=\"elementor-column elementor-col-100 elementor-top-column elementor-element elementor-element-d4140f4\" data-id=\"d4140f4\" data-element_type=\"column\" data-e-type=\"column\">\n\t\t\t<div class=\"elementor-widget-wrap elementor-element-populated\">\n\t\t\t\t\t\t<div class=\"elementor-element elementor-element-51d1fc8 elementor-widget elementor-widget-heading\" data-id=\"51d1fc8\" data-element_type=\"widget\" data-e-type=\"widget\" data-widget_type=\"heading.default\">\n\t\t\t\t<div class=\"elementor-widget-container\">\n\t\t\t\t\t<h2 class=\"elementor-heading-title elementor-size-default\">Training at your home - 1-1.5 hours<\/h2>\t\t\t\t<\/div>\n\t\t\t\t<\/div>\n\t\t\t\t<div class=\"elementor-element elementor-element-7da59d0 elementor-widget elementor-widget-text-editor\" data-id=\"7da59d0\" data-element_type=\"widget\" data-e-type=\"widget\" data-widget_type=\"text-editor.default\">\n\t\t\t\t<div class=\"elementor-widget-container\">\n\t\t\t\t\t\t\t\t\t<p>Within an individual training lesson in a dog&#8217;s home environment, I will first focus on identifying undesirable habits and behavior. We will then agree upon the most effective remedial plan, given the scale and severity of the problems. In case of a small puppy, I will show you how to build a solid foundation of proper behavior and prevent the formation of bad habits. The training takes place as standard in Prague, Brno, Bratislava, Poprad, Ko\u0161ice and their surroundings. If you are interested in another location, an individual agreement is possible. <\/p>\t\t\t\t\t\t\t\t<\/div>\n\t\t\t\t<\/div>\n\t\t\t\t<div class=\"elementor-element elementor-element-df71976 price elementor-widget elementor-widget-text-editor\" data-id=\"df71976\" data-element_type=\"widget\" data-e-type=\"widget\" data-widget_type=\"text-editor.default\">\n\t\t\t\t<div class=\"elementor-widget-container\">\n\t\t\t\t\t\t\t\t\t<p>Price: 250 \u20ac \/ 6.250 CZK<br \/><span style=\"font-size: 12px;\">Prices are shown without VAT.<\/span><\/p>\t\t\t\t\t\t\t\t<\/div>\n\t\t\t\t<\/div>\n\t\t\t\t\t<\/div>\n\t\t<\/div>\n\t\t\t\t\t<\/div>\n\t\t<\/section>\n\t\t\t\t<section class=\"elementor-section elementor-top-section elementor-element elementor-element-25aead9 elementor-section-boxed elementor-section-height-default elementor-section-height-default\" data-id=\"25aead9\" data-element_type=\"section\" data-e-type=\"section\">\n\t\t\t\t\t\t<div class=\"elementor-container elementor-column-gap-default\">\n\t\t\t\t\t<div class=\"elementor-column elementor-col-100 elementor-top-column elementor-element elementor-element-02cbed8\" data-id=\"02cbed8\" data-element_type=\"column\" data-e-type=\"column\">\n\t\t\t<div class=\"elementor-widget-wrap elementor-element-populated\">\n\t\t\t\t\t\t<div class=\"elementor-element elementor-element-a9b3d31 elementor-widget elementor-widget-heading\" data-id=\"a9b3d31\" data-element_type=\"widget\" data-e-type=\"widget\" data-widget_type=\"heading.default\">\n\t\t\t\t<div class=\"elementor-widget-container\">\n\t\t\t\t\t<h2 class=\"elementor-heading-title elementor-size-default\">Training at your home - 2-3 days<\/h2>\t\t\t\t<\/div>\n\t\t\t\t<\/div>\n\t\t\t\t<div class=\"elementor-element elementor-element-7e9077a elementor-widget elementor-widget-text-editor\" data-id=\"7e9077a\" data-element_type=\"widget\" data-e-type=\"widget\" data-widget_type=\"text-editor.default\">\n\t\t\t\t<div class=\"elementor-widget-container\">\n\t\t\t\t\t\t\t\t\t<p>Intensive multi-day training at your home, whether in Slovakia, the Czech Republic or elsewhere, is a suitable choice for eliminating dog\u2019s bad habits at home as well as outdoors. I will be available at all times given the accommodation will be arranged. This more intense variant will allow me to better and faster understand the nature and problem of your dog and choose the most suitable solution. <\/p>\t\t\t\t\t\t\t\t<\/div>\n\t\t\t\t<\/div>\n\t\t\t\t<div class=\"elementor-element elementor-element-3aef53d price elementor-widget elementor-widget-text-editor\" data-id=\"3aef53d\" data-element_type=\"widget\" data-e-type=\"widget\" data-widget_type=\"text-editor.default\">\n\t\t\t\t<div class=\"elementor-widget-container\">\n\t\t\t\t\t\t\t\t\t<p>Price: Individual<\/p>\t\t\t\t\t\t\t\t<\/div>\n\t\t\t\t<\/div>\n\t\t\t\t\t<\/div>\n\t\t<\/div>\n\t\t\t\t\t<\/div>\n\t\t<\/section>\n\t\t\t\t<section class=\"elementor-section elementor-top-section elementor-element elementor-element-e7f706e program-plan elementor-hidden-desktop elementor-hidden-tablet elementor-hidden-mobile elementor-section-boxed elementor-section-height-default elementor-section-height-default\" data-id=\"e7f706e\" data-element_type=\"section\" data-e-type=\"section\" data-settings=\"{&quot;background_background&quot;:&quot;classic&quot;}\">\n\t\t\t\t\t\t<div class=\"elementor-container elementor-column-gap-default\">\n\t\t\t\t\t<div class=\"elementor-column elementor-col-100 elementor-top-column elementor-element elementor-element-a782c3b\" data-id=\"a782c3b\" data-element_type=\"column\" data-e-type=\"column\">\n\t\t\t<div class=\"elementor-widget-wrap elementor-element-populated\">\n\t\t\t\t\t\t<div class=\"elementor-section elementor-inner-section elementor-element elementor-element-4cc878a program-plan__row elementor-section-full_width elementor-section-height-default elementor-section-height-default\" data-id=\"4cc878a\" data-element_type=\"section\" data-e-type=\"section\">\n\t\t\t\t\t\t<div class=\"elementor-container elementor-column-gap-default\">\n\t\t\t\t\t<div class=\"elementor-column elementor-col-33 elementor-inner-column elementor-element elementor-element-822632e program-plan__item\" data-id=\"822632e\" data-element_type=\"column\" data-e-type=\"column\">\n\t\t\t<div class=\"elementor-widget-wrap elementor-element-populated\">\n\t\t\t\t\t\t<div class=\"elementor-element elementor-element-d4d646e elementor-position-top elementor-widget elementor-widget-image-box\" data-id=\"d4d646e\" data-element_type=\"widget\" data-e-type=\"widget\" data-widget_type=\"image-box.default\">\n\t\t\t\t<div class=\"elementor-widget-container\">\n\t\t\t\t\t<div class=\"elementor-image-box-wrapper\"><figure class=\"elementor-image-box-img\"><img fetchpriority=\"high\" decoding=\"async\" width=\"512\" height=\"512\" src=\"https:\/\/matusgiacko.sk\/wp-content\/uploads\/2022\/06\/vztahy.svg\" class=\"attachment-full size-full wp-image-728\" alt=\"\" \/><\/figure><div class=\"elementor-image-box-content\"><h3 class=\"elementor-image-box-title\">Budovanie vz\u0165ahu<\/h3><p class=\"elementor-image-box-description\">Na\u0161im spolo\u010dn\u00fdm cie\u013eom je silnej\u0161ie puto, ktor\u00e9 si s va\u0161im psom vybudujete. Nau\u010d\u00edte sa porozumie\u0165 re\u010di v\u00e1\u0161ho psa.<\/p><\/div><\/div>\t\t\t\t<\/div>\n\t\t\t\t<\/div>\n\t\t\t\t\t<\/div>\n\t\t<\/div>\n\t\t\t\t<div class=\"elementor-column elementor-col-33 elementor-inner-column elementor-element elementor-element-3f57b32 program-plan__item\" data-id=\"3f57b32\" data-element_type=\"column\" data-e-type=\"column\">\n\t\t\t<div class=\"elementor-widget-wrap elementor-element-populated\">\n\t\t\t\t\t\t<div class=\"elementor-element elementor-element-da3cc13 elementor-position-top elementor-widget elementor-widget-image-box\" data-id=\"da3cc13\" data-element_type=\"widget\" data-e-type=\"widget\" data-widget_type=\"image-box.default\">\n\t\t\t\t<div class=\"elementor-widget-container\">\n\t\t\t\t\t<div class=\"elementor-image-box-wrapper\"><figure class=\"elementor-image-box-img\"><img decoding=\"async\" width=\"511\" height=\"511\" src=\"https:\/\/matusgiacko.sk\/wp-content\/uploads\/2022\/06\/plan.svg\" class=\"attachment-full size-full wp-image-733\" alt=\"\" \/><\/figure><div class=\"elementor-image-box-content\"><h3 class=\"elementor-image-box-title\">Pl\u00e1n na mieru<\/h3><p class=\"elementor-image-box-description\">Ka\u017ed\u00fd pes je in\u00fd. V\u00fdcvikov\u00fd pl\u00e1n v\u017edy priprav\u00edme namieru v s\u00falade s va\u0161imi o\u010dak\u00e1vaniami a osobnos\u0165ou v\u00e1\u0161ho psa.<\/p><\/div><\/div>\t\t\t\t<\/div>\n\t\t\t\t<\/div>\n\t\t\t\t\t<\/div>\n\t\t<\/div>\n\t\t\t\t<div class=\"elementor-column elementor-col-33 elementor-inner-column elementor-element elementor-element-a7de503 program-plan__item\" data-id=\"a7de503\" data-element_type=\"column\" data-e-type=\"column\">\n\t\t\t<div class=\"elementor-widget-wrap elementor-element-populated\">\n\t\t\t\t\t\t<div class=\"elementor-element elementor-element-976f64a elementor-position-top elementor-widget elementor-widget-image-box\" data-id=\"976f64a\" data-element_type=\"widget\" data-e-type=\"widget\" data-widget_type=\"image-box.default\">\n\t\t\t\t<div class=\"elementor-widget-container\">\n\t\t\t\t\t<div class=\"elementor-image-box-wrapper\"><figure class=\"elementor-image-box-img\"><img decoding=\"async\" width=\"60\" height=\"60\" src=\"https:\/\/matusgiacko.sk\/wp-content\/uploads\/2022\/06\/controls-1.svg\" class=\"attachment-thumbnail size-thumbnail wp-image-875\" alt=\"\" \/><\/figure><div class=\"elementor-image-box-content\"><h3 class=\"elementor-image-box-title\">Zmena n\u00e1vykov<\/h3><p class=\"elementor-image-box-description\">Zist\u00edme pr\u00ed\u010dinu negat\u00edvnych n\u00e1vykov v\u00e1\u0161ho psa aj v\u00e1s a nahrad\u00edme ich nov\u00fdmi pozit\u00edvnymi n\u00e1vykmi.<\/p><\/div><\/div>\t\t\t\t<\/div>\n\t\t\t\t<\/div>\n\t\t\t\t\t<\/div>\n\t\t<\/div>\n\t\t\t\t\t<\/div>\n\t\t<\/div>\n\t\t\t\t<div class=\"elementor-section elementor-inner-section elementor-element elementor-element-7745f2b program-plan__row elementor-section-full_width elementor-section-height-default elementor-section-height-default\" data-id=\"7745f2b\" data-element_type=\"section\" data-e-type=\"section\">\n\t\t\t\t\t\t<div class=\"elementor-container elementor-column-gap-default\">\n\t\t\t\t\t<div class=\"elementor-column elementor-col-33 elementor-inner-column elementor-element elementor-element-fc7c3d3 program-plan__item\" data-id=\"fc7c3d3\" data-element_type=\"column\" data-e-type=\"column\">\n\t\t\t<div class=\"elementor-widget-wrap elementor-element-populated\">\n\t\t\t\t\t\t<div class=\"elementor-element elementor-element-ddc2aa1 elementor-position-top elementor-widget elementor-widget-image-box\" data-id=\"ddc2aa1\" data-element_type=\"widget\" data-e-type=\"widget\" data-widget_type=\"image-box.default\">\n\t\t\t\t<div class=\"elementor-widget-container\">\n\t\t\t\t\t<div class=\"elementor-image-box-wrapper\"><figure class=\"elementor-image-box-img\"><img loading=\"lazy\" decoding=\"async\" width=\"512\" height=\"512\" src=\"https:\/\/matusgiacko.sk\/wp-content\/uploads\/2022\/06\/bone.svg\" class=\"attachment-full size-full wp-image-729\" alt=\"\" \/><\/figure><div class=\"elementor-image-box-content\"><h3 class=\"elementor-image-box-title\">Kvalitn\u00e1 v\u00fd\u017eiva<\/h3><p class=\"elementor-image-box-description\">Ur\u010dite chcete, aby mal v\u00e1\u0161 pes v\u0161etky potrebn\u00e9 \u017eiviny. Viem, ktor\u00e9 to s\u00fa, porad\u00edm a odporu\u010d\u00edm v\u00e1m vhodn\u00fa v\u00fd\u017eivu.\n\n<\/p><\/div><\/div>\t\t\t\t<\/div>\n\t\t\t\t<\/div>\n\t\t\t\t\t<\/div>\n\t\t<\/div>\n\t\t\t\t<div class=\"elementor-column elementor-col-33 elementor-inner-column elementor-element elementor-element-96db3db program-plan__item\" data-id=\"96db3db\" data-element_type=\"column\" data-e-type=\"column\">\n\t\t\t<div class=\"elementor-widget-wrap elementor-element-populated\">\n\t\t\t\t\t\t<div class=\"elementor-element elementor-element-07efc17 elementor-position-top elementor-widget elementor-widget-image-box\" data-id=\"07efc17\" data-element_type=\"widget\" data-e-type=\"widget\" data-widget_type=\"image-box.default\">\n\t\t\t\t<div class=\"elementor-widget-container\">\n\t\t\t\t\t<div class=\"elementor-image-box-wrapper\"><figure class=\"elementor-image-box-img\"><img loading=\"lazy\" decoding=\"async\" width=\"403\" height=\"403\" src=\"https:\/\/matusgiacko.sk\/wp-content\/uploads\/2022\/06\/heart.svg\" class=\"attachment-full size-full wp-image-731\" alt=\"\" \/><\/figure><div class=\"elementor-image-box-content\"><h3 class=\"elementor-image-box-title\">Zdravotn\u00e1 starostlivos\u0165<\/h3><p class=\"elementor-image-box-description\">V pr\u00edpade potreby v\u00e1s spoj\u00edm s t\u00fdmi najlep\u0161\u00edmi veterin\u00e1rmi vo va\u0161om okol\u00ed.<\/p><\/div><\/div>\t\t\t\t<\/div>\n\t\t\t\t<\/div>\n\t\t\t\t\t<\/div>\n\t\t<\/div>\n\t\t\t\t<div class=\"elementor-column elementor-col-33 elementor-inner-column elementor-element elementor-element-8f8ca9e program-plan__item\" data-id=\"8f8ca9e\" data-element_type=\"column\" data-e-type=\"column\">\n\t\t\t<div class=\"elementor-widget-wrap elementor-element-populated\">\n\t\t\t\t\t\t<div class=\"elementor-element elementor-element-66c29ac elementor-position-top elementor-widget elementor-widget-image-box\" data-id=\"66c29ac\" data-element_type=\"widget\" data-e-type=\"widget\" data-widget_type=\"image-box.default\">\n\t\t\t\t<div class=\"elementor-widget-container\">\n\t\t\t\t\t<div class=\"elementor-image-box-wrapper\"><figure class=\"elementor-image-box-img\"><img loading=\"lazy\" decoding=\"async\" width=\"480\" height=\"480\" src=\"https:\/\/matusgiacko.sk\/wp-content\/uploads\/2022\/06\/hotel.svg\" class=\"attachment-full size-full wp-image-732\" alt=\"\" \/><\/figure><div class=\"elementor-image-box-content\"><h3 class=\"elementor-image-box-title\">Hotel pre psa<\/h3><p class=\"elementor-image-box-description\">Ak budete zanepr\u00e1zdnen\u00fd, m\u00f4\u017eeme sa o v\u00e1\u0161ho psa postara\u0165 bu\u010f u v\u00e1s doma, alebo ho ubytova\u0165 v na\u0161ich priestoroch.\n\n<\/p><\/div><\/div>\t\t\t\t<\/div>\n\t\t\t\t<\/div>\n\t\t\t\t\t<\/div>\n\t\t<\/div>\n\t\t\t\t\t<\/div>\n\t\t<\/div>\n\t\t\t\t\t<\/div>\n\t\t<\/div>\n\t\t\t\t\t<\/div>\n\t\t<\/section>\n\t\t\t\t<section class=\"elementor-section elementor-top-section elementor-element elementor-element-3757241 reservation elementor-section-boxed elementor-section-height-default elementor-section-height-default\" data-id=\"3757241\" data-element_type=\"section\" data-e-type=\"section\">\n\t\t\t\t\t\t<div class=\"elementor-container elementor-column-gap-default\">\n\t\t\t\t\t<div class=\"elementor-column elementor-col-100 elementor-top-column elementor-element elementor-element-1eeeedb\" data-id=\"1eeeedb\" data-element_type=\"column\" data-e-type=\"column\">\n\t\t\t<div class=\"elementor-widget-wrap elementor-element-populated\">\n\t\t\t\t\t\t<div class=\"elementor-element elementor-element-e172ab9 elementor-widget__width-initial elementor-widget elementor-widget-text-editor\" data-id=\"e172ab9\" data-element_type=\"widget\" data-e-type=\"widget\" data-widget_type=\"text-editor.default\">\n\t\t\t\t<div class=\"elementor-widget-container\">\n\t\t\t\t\t\t\t\t\t<p>If you are interested in a personal meeting, please fill out the contact form in the link below. We will contact you shortly and explain everything in detail and together we will plan our first personal meeting.<br \/>Prices are shown without VAT.<\/p>\t\t\t\t\t\t\t\t<\/div>\n\t\t\t\t<\/div>\n\t\t\t\t<div class=\"elementor-element elementor-element-fa6957c elementor-widget elementor-widget-html\" data-id=\"fa6957c\" data-element_type=\"widget\" data-e-type=\"widget\" data-widget_type=\"html.default\">\n\t\t\t\t<div class=\"elementor-widget-container\">\n\t\t\t\t\t<a href=\"https:\/\/matusgiacko.sk\/en\/reservation-of-the-date\/\" class=\"btn btn--cta\">Reservation of the date<\/a>\t\t\t\t<\/div>\n\t\t\t\t<\/div>\n\t\t\t\t\t<\/div>\n\t\t<\/div>\n\t\t\t\t\t<\/div>\n\t\t<\/section>\n\t\t\t\t<\/div>\n\t\t","protected":false},"excerpt":{"rendered":"<p>CONSULTING AND TRAINING When you can&#8217;t take care of your dog on your own anymore. I will show you how to listen to your dog correctly and how to understand him. Every problem has its reason. I am here to identify the problem, analyze it and recommend the best solution.\u00a0 Don&#8217;t give up, we can [&hellip;]<\/p>\n","protected":false},"author":1,"featured_media":0,"parent":0,"menu_order":0,"comment_status":"closed","ping_status":"closed","template":"elementor_header_footer","meta":{"footnotes":""},"class_list":["post-1492","page","type-page","status-publish","hentry"],"_links":{"self":[{"href":"https:\/\/matusgiacko.sk\/en\/wp-json\/wp\/v2\/pages\/1492","targetHints":{"allow":["GET"]}}],"collection":[{"href":"https:\/\/matusgiacko.sk\/en\/wp-json\/wp\/v2\/pages"}],"about":[{"href":"https:\/\/matusgiacko.sk\/en\/wp-json\/wp\/v2\/types\/page"}],"author":[{"embeddable":true,"href":"https:\/\/matusgiacko.sk\/en\/wp-json\/wp\/v2\/users\/1"}],"replies":[{"embeddable":true,"href":"https:\/\/matusgiacko.sk\/en\/wp-json\/wp\/v2\/comments?post=1492"}],"version-history":[{"count":44,"href":"https:\/\/matusgiacko.sk\/en\/wp-json\/wp\/v2\/pages\/1492\/revisions"}],"predecessor-version":[{"id":1733,"href":"https:\/\/matusgiacko.sk\/en\/wp-json\/wp\/v2\/pages\/1492\/revisions\/1733"}],"wp:attachment":[{"href":"https:\/\/matusgiacko.sk\/en\/wp-json\/wp\/v2\/media?parent=1492"}],"curies":[{"name":"wp","href":"https:\/\/api.w.org\/{rel}","templated":true}]}}